{"id":2280,"date":"2012-08-05T16:00:30","date_gmt":"2012-08-05T16:00:30","guid":{"rendered":"http:\/\/www.dispatchbox.net\/?page_id=2280"},"modified":"2015-08-13T19:47:57","modified_gmt":"2015-08-13T19:47:57","slug":"a-propos","status":"publish","type":"page","link":"https:\/\/www.dispatchbox.net\/index.php\/a-propos\/","title":{"rendered":"\u00c0 propos"},"content":{"rendered":"<p>Dispatch\/Box, tou\u00adjours en mou\u00adve\u00adment. Des pre\u00admiers billets anec\u00addo\u00adtiques aux articles de recherche autour de l\u2019ins\u00adtru\u00admen\u00adta\u00adtion, des sons et du d\u00e9ve\u00adlop\u00adpe\u00adment de la musique popu\u00adlaire afro-am\u00e9\u00adri\u00adcaine, il en a par\u00adcou\u00adru du che\u00admin. De plus en plus musi\u00adcal, il pour\u00adrait se trans\u00adfor\u00admer en vaste chan\u00adtier autour de la musique afro-am\u00e9ricaine\u2026<\/p>\n","protected":false},"excerpt":{"rendered":"<p>Dispatch\/Box, tou\u00adjours en mou\u00adve\u00adment. Des pre\u00admiers billets anec\u00addo\u00adtiques aux articles de recherche autour de l\u2019ins\u00adtru\u00admen\u00adta\u00adtion, des sons et du d\u00e9ve\u00adlop\u00adpe\u00adment de la musique popu\u00adlaire afro-am\u00e9\u00ad\u00adri\u00ad\u00adcaine, il en a par\u00adcou\u00adru du che\u00admin. De plus en plus musi\u00adcal, il pour\u00adrait se trans\u00adfor\u00admer en vaste chan\u00adtier autour de la musique afro-am\u00e9ricaine\u2026<\/p>\n","protected":false},"author":9,"featured_media":0,"parent":0,"menu_order":0,"comment_status":"open","ping_status":"open","template":"","meta":{"wp_typography_post_enhancements_disabled":false,"_s2mail":"yes","footnotes":""},"class_list":["post-2280","page","type-page","status-publish","hentry"],"yoast_head":"<!-- This site is optimized with the Yoast SEO plugin v27.4 - https:\/\/yoast.com\/product\/yoast-seo-wordpress\/ -->\n<title>\u00c0 propos - Dispatch\/Box<\/title>\n<meta name=\"robots\" content=\"index, follow, max-snippet:-1, max-image-preview:large, max-video-preview:-1\" \/>\n<link rel=\"canonical\" href=\"https:\/\/www.dispatchbox.net\/index.php\/a-propos\/\" \/>\n<meta property=\"og:locale\" content=\"fr_FR\" \/>\n<meta property=\"og:type\" content=\"article\" \/>\n<meta property=\"og:title\" content=\"\u00c0 propos - Dispatch\/Box\" \/>\n<meta property=\"og:description\" content=\"Dispatch\/Box, tou\u00adjours en mou\u00adve\u00adment. Des pre\u00admiers billets anec\u00addo\u00adtiques aux articles de recherche autour de l\u2019ins\u00adtru\u00admen\u00adta\u00adtion, des sons et du d\u00e9ve\u00adlop\u00adpe\u00adment de la musique popu\u00adlaire afro-am\u00e9\u00adri\u00adcaine, il en a par\u00adcou\u00adru du che\u00admin. De plus en plus musi\u00adcal, il pour\u00adrait se trans\u00adfor\u00admer en vaste chan\u00adtier autour de la musique afro-am\u00e9ricaine\u2026\" \/>\n<meta property=\"og:url\" content=\"https:\/\/www.dispatchbox.net\/index.php\/a-propos\/\" \/>\n<meta property=\"og:site_name\" content=\"Dispatch\/Box\" \/>\n<meta property=\"article:modified_time\" content=\"2015-08-13T19:47:57+00:00\" \/>\n<meta name=\"twitter:card\" content=\"summary_large_image\" \/>\n<meta name=\"twitter:site\" content=\"@dispatch_box\" \/>\n<script type=\"application\/ld+json\" class=\"yoast-schema-graph\">{\"@context\":\"https:\\\/\\\/schema.org\",\"@graph\":[{\"@type\":\"WebPage\",\"@id\":\"https:\\\/\\\/www.dispatchbox.net\\\/index.php\\\/a-propos\\\/\",\"url\":\"https:\\\/\\\/www.dispatchbox.net\\\/index.php\\\/a-propos\\\/\",\"name\":\"\u00c0 propos - Dispatch\\\/Box\",\"isPartOf\":{\"@id\":\"https:\\\/\\\/www.dispatchbox.net\\\/#website\"},\"datePublished\":\"2012-08-05T16:00:30+00:00\",\"dateModified\":\"2015-08-13T19:47:57+00:00\",\"breadcrumb\":{\"@id\":\"https:\\\/\\\/www.dispatchbox.net\\\/index.php\\\/a-propos\\\/#breadcrumb\"},\"inLanguage\":\"fr-FR\",\"potentialAction\":[{\"@type\":\"ReadAction\",\"target\":[\"https:\\\/\\\/www.dispatchbox.net\\\/index.php\\\/a-propos\\\/\"]}]},{\"@type\":\"BreadcrumbList\",\"@id\":\"https:\\\/\\\/www.dispatchbox.net\\\/index.php\\\/a-propos\\\/#breadcrumb\",\"itemListElement\":[{\"@type\":\"ListItem\",\"position\":1,\"name\":\"Accueil\",\"item\":\"https:\\\/\\\/www.dispatchbox.net\\\/\"},{\"@type\":\"ListItem\",\"position\":2,\"name\":\"\u00c0 propos\"}]},{\"@type\":\"WebSite\",\"@id\":\"https:\\\/\\\/www.dispatchbox.net\\\/#website\",\"url\":\"https:\\\/\\\/www.dispatchbox.net\\\/\",\"name\":\"Dispatch\\\/Box\",\"description\":\"Fr\u00e9quences, traces\",\"potentialAction\":[{\"@type\":\"SearchAction\",\"target\":{\"@type\":\"EntryPoint\",\"urlTemplate\":\"https:\\\/\\\/www.dispatchbox.net\\\/?s={search_term_string}\"},\"query-input\":{\"@type\":\"PropertyValueSpecification\",\"valueRequired\":true,\"valueName\":\"search_term_string\"}}],\"inLanguage\":\"fr-FR\"}]}<\/script>\n<!-- \/ Yoast SEO plugin. -->","yoast_head_json":{"title":"\u00c0 propos - Dispatch\/Box","robots":{"index":"index","follow":"follow","max-snippet":"max-snippet:-1","max-image-preview":"max-image-preview:large","max-video-preview":"max-video-preview:-1"},"canonical":"https:\/\/www.dispatchbox.net\/index.php\/a-propos\/","og_locale":"fr_FR","og_type":"article","og_title":"\u00c0 propos - Dispatch\/Box","og_description":"Dispatch\/Box, tou\u00adjours en mou\u00adve\u00adment. Des pre\u00admiers billets anec\u00addo\u00adtiques aux articles de recherche autour de l\u2019ins\u00adtru\u00admen\u00adta\u00adtion, des sons et du d\u00e9ve\u00adlop\u00adpe\u00adment de la musique popu\u00adlaire afro-am\u00e9\u00adri\u00adcaine, il en a par\u00adcou\u00adru du che\u00admin. De plus en plus musi\u00adcal, il pour\u00adrait se trans\u00adfor\u00admer en vaste chan\u00adtier autour de la musique afro-am\u00e9ricaine\u2026","og_url":"https:\/\/www.dispatchbox.net\/index.php\/a-propos\/","og_site_name":"Dispatch\/Box","article_modified_time":"2015-08-13T19:47:57+00:00","twitter_card":"summary_large_image","twitter_site":"@dispatch_box","schema":{"@context":"https:\/\/schema.org","@graph":[{"@type":"WebPage","@id":"https:\/\/www.dispatchbox.net\/index.php\/a-propos\/","url":"https:\/\/www.dispatchbox.net\/index.php\/a-propos\/","name":"\u00c0 propos - Dispatch\/Box","isPartOf":{"@id":"https:\/\/www.dispatchbox.net\/#website"},"datePublished":"2012-08-05T16:00:30+00:00","dateModified":"2015-08-13T19:47:57+00:00","breadcrumb":{"@id":"https:\/\/www.dispatchbox.net\/index.php\/a-propos\/#breadcrumb"},"inLanguage":"fr-FR","potentialAction":[{"@type":"ReadAction","target":["https:\/\/www.dispatchbox.net\/index.php\/a-propos\/"]}]},{"@type":"BreadcrumbList","@id":"https:\/\/www.dispatchbox.net\/index.php\/a-propos\/#breadcrumb","itemListElement":[{"@type":"ListItem","position":1,"name":"Accueil","item":"https:\/\/www.dispatchbox.net\/"},{"@type":"ListItem","position":2,"name":"\u00c0 propos"}]},{"@type":"WebSite","@id":"https:\/\/www.dispatchbox.net\/#website","url":"https:\/\/www.dispatchbox.net\/","name":"Dispatch\/Box","description":"Fr\u00e9quences, traces","potentialAction":[{"@type":"SearchAction","target":{"@type":"EntryPoint","urlTemplate":"https:\/\/www.dispatchbox.net\/?s={search_term_string}"},"query-input":{"@type":"PropertyValueSpecification","valueRequired":true,"valueName":"search_term_string"}}],"inLanguage":"fr-FR"}]}},"acf":[],"jetpack_shortlink":"https:\/\/wp.me\/Pyfbn-AM","jetpack_sharing_enabled":true,"jetpack-related-posts":[{"id":8302,"url":"https:\/\/www.dispatchbox.net\/index.php\/politique-de-confidentialite\/","url_meta":{"origin":2280,"position":0},"title":"Politique de confidentialit\u00e9","author":"Jeremy Jeanguenin","date":"05\/06\/2021","format":false,"excerpt":"Qui sommes-nous\u00a0? L\u2019adresse de notre site est\u00a0: https:\/\/www.dispatchbox.net. Ce site est personnel et n'a pas de vocation commerciale. Commentaires Quand vous laissez un commentaire sur notre site, les donn\u00e9es inscrites dans le formulaire de commentaire, mais aussi votre adresse IP et l\u2019agent utilisateur de votre navigateur sont collect\u00e9s pour nous\u2026","rel":"","context":"Article similaire","block_context":{"text":"Article similaire","link":""},"img":{"alt_text":"","src":"","width":0,"height":0},"classes":[]},{"id":2945,"url":"https:\/\/www.dispatchbox.net\/index.php\/the-unofficial-james-jamerson-photo-collection\/","url_meta":{"origin":2280,"position":1},"title":"James Jamerson Archive","author":"Jeremy Jeanguenin","date":"21\/04\/2016","format":false,"excerpt":"[Fran\u00e7ais] Voici une s\u00e9lection non-officielle de photographies de James Jamerson trouv\u00e9es sur Internet. Je ne suis en aucun cas propri\u00e9taire des droits de ces photos. Mon id\u00e9e est simplement de les partager avec les aficionados du bassiste, pour lui rendre un hommage. Hormis la s\u00e9rie de clich\u00e9s r\u00e9alis\u00e9e pour le\u2026","rel":"","context":"Article similaire","block_context":{"text":"Article similaire","link":""},"img":{"alt_text":"James et Annie Jamerson","src":"https:\/\/i0.wp.com\/www.dispatchbox.net\/wp-content\/jamerson-300x223.jpeg?resize=350%2C200","width":350,"height":200},"classes":[]}],"jetpack_likes_enabled":true,"_links":{"self":[{"href":"https:\/\/www.dispatchbox.net\/index.php\/wp-json\/wp\/v2\/pages\/2280","targetHints":{"allow":["GET"]}}],"collection":[{"href":"https:\/\/www.dispatchbox.net\/index.php\/wp-json\/wp\/v2\/pages"}],"about":[{"href":"https:\/\/www.dispatchbox.net\/index.php\/wp-json\/wp\/v2\/types\/page"}],"author":[{"embeddable":true,"href":"https:\/\/www.dispatchbox.net\/index.php\/wp-json\/wp\/v2\/users\/9"}],"replies":[{"embeddable":true,"href":"https:\/\/www.dispatchbox.net\/index.php\/wp-json\/wp\/v2\/comments?post=2280"}],"version-history":[{"count":0,"href":"https:\/\/www.dispatchbox.net\/index.php\/wp-json\/wp\/v2\/pages\/2280\/revisions"}],"wp:attachment":[{"href":"https:\/\/www.dispatchbox.net\/index.php\/wp-json\/wp\/v2\/media?parent=2280"}],"curies":[{"name":"wp","href":"https:\/\/api.w.org\/{rel}","templated":true}]}}